{"id":6431,"date":"2018-08-06T20:22:42","date_gmt":"2018-08-06T20:22:42","guid":{"rendered":"https:\/\/spacanarias.net\/?page_id=6431"},"modified":"2018-09-13T09:03:30","modified_gmt":"2018-09-13T09:03:30","slug":"services","status":"publish","type":"page","link":"https:\/\/spacanarias.net\/en\/services\/","title":{"rendered":"Services"},"content":{"rendered":"<section class=\"l-section wpb_row height_auto\"><div class=\"l-section-h i-cf\"><div class=\"g-cols vc_row type_default valign_top\"><div class=\"vc_col-sm-12 wpb_column vc_column_container\"><div class=\"vc_column-inner\"><div class=\"wpb_wrapper\">[vc_custom_heading text=&#8221;Our Services&#8221; font_container=&#8221;tag:h1|text_align:left&#8221; use_theme_fonts=&#8221;yes&#8221;]<div class=\"w-separator type_invisible size_huge\"><\/div><div class=\"g-cols wpb_row type_default valign_top vc_inner \"><div class=\"vc_col-sm-6 wpb_column vc_column_container has-fill\"><div class=\"vc_column-inner  vc_custom_1533588418102\"><div class=\"wpb_wrapper\"><\/div><\/div><\/div><div class=\"vc_col-sm-6 wpb_column vc_column_container\"><div class=\"vc_column-inner\"><div class=\"wpb_wrapper\"><div class=\"w-iconbox iconpos_left style_circle color_primary\"><a class=\"w-iconbox-link\" href=\"#\"><div class=\"w-iconbox-icon\"><i class=\"fab fa-whmcs\"><\/i><\/div><\/a><div class=\"w-iconbox-meta\"><a class=\"w-iconbox-link\" href=\"#\"><h4 class=\"w-iconbox-title\">Installations and repairs<\/h4><\/a><div class=\"w-iconbox-text\">Spas (jacuzzi&#8217;s); Baths; Shower cabins; Saunas; Turkish baths, etc.<\/div><\/div><\/div><div class=\"w-separator type_invisible size_medium\"><\/div><div class=\"w-iconbox iconpos_left style_circle color_primary\"><a class=\"w-iconbox-link\" href=\"https:\/\/spacanarias.net\/en\/sales-of-spare-parts-and-accessories\/\"><div class=\"w-iconbox-icon\"><i class=\"fas fa-check\"><\/i><\/div><\/a><div class=\"w-iconbox-meta\"><a class=\"w-iconbox-link\" href=\"https:\/\/spacanarias.net\/en\/sales-of-spare-parts-and-accessories\/\"><h4 class=\"w-iconbox-title\">Sale of spare parts and accessories<\/h4><\/a><div class=\"w-iconbox-text\">Filtration and hydromassage pumps; Electronic plates and display; Sensors; Filter cartridges; Thermal covers; Fittings and thermostatic valves; Ozone and UVA rays generators; Heaters, etc.<\/div><\/div><\/div><div class=\"w-separator type_invisible size_medium\"><\/div><div class=\"w-iconbox iconpos_left style_circle color_primary\"><a class=\"w-iconbox-link\" href=\"#\"><div class=\"w-iconbox-icon\"><i class=\"far fa-swimming-pool\"><\/i><\/div><\/a><div class=\"w-iconbox-meta\"><a class=\"w-iconbox-link\" href=\"#\"><h4 class=\"w-iconbox-title\">Swimming pools<\/h4><\/a><div class=\"w-iconbox-text\">Filtering systems; Automatic chlorine and ph dispensers; Salt chlorinators; Heat pumps; Chemical products; Pool cleaning robots; Removable pools, etc.<\/div><\/div><\/div><\/div><\/div><\/div><\/div><div class=\"w-separator type_invisible size_medium\"><\/div><\/div><\/div><\/div><\/div><\/div><\/section><section class=\"l-section wpb_row height_medium color_secondary\"><div class=\"l-section-h i-cf\"><div class=\"g-cols vc_row type_default valign_top\"><div class=\"vc_col-sm-12 wpb_column vc_column_container\"><div class=\"vc_column-inner\"><div class=\"wpb_wrapper\"><div class=\"w-iconbox iconpos_top style_circle color_primary no_text\"><div class=\"w-iconbox-icon\"><i class=\"far fa-ship\"><\/i><\/div><h4 class=\"w-iconbox-title\">We ship to the Canary Islands<\/h4><\/div><\/div><\/div><\/div><\/div><\/div><\/section><section class=\"l-section wpb_row height_medium with_overlay\"><div class=\"l-section-overlay\" style=\"background-color: rgba(232,232,232,0.74)\"><\/div><div class=\"l-section-h i-cf\"><div class=\"g-cols vc_row type_default valign_top\"><div class=\"vc_col-sm-6 wpb_column vc_column_container\"><div class=\"vc_column-inner\"><div class=\"wpb_wrapper\"><div class=\"w-separator type_invisible size_large\"><\/div>\n\t<div class=\"wpb_text_column \">\n\t\t<div class=\"wpb_wrapper\">\n\t\t\t<h2><span id=\"destacar\">Jacuzzi\u00ae for you<\/span>:<\/h2>\n<ul>\n<li>Specific cleaning products for shower cabins, bathtubs, spas<\/li>\n<li>Flavoring essences<\/li>\n<li>Accessories and bathroom clothing<\/li>\n<\/ul>\n\n\t\t<\/div>\n\t<\/div>\n<div class=\"g-cols wpb_row type_default valign_top vc_inner \"><div class=\"vc_col-sm-6 wpb_column vc_column_container\"><div class=\"vc_column-inner\"><div class=\"wpb_wrapper\"><div class=\"w-btn-wrapper align_center\"><a class=\"w-btn style_solid color_primary icon_none\" href=\"https:\/\/spacanarias.net\/wp-content\/uploads\/2018\/08\/CATALOGO-FOR-YOU-BA\u00e6O.pdf\" target=\"_blank\"><span class=\"w-btn-label\">DOWNLOAD CATALOG 1<\/span><\/a><\/div><\/div><\/div><\/div><div class=\"vc_col-sm-6 wpb_column vc_column_container\"><div class=\"vc_column-inner\"><div class=\"wpb_wrapper\"><div class=\"w-btn-wrapper align_center\"><a class=\"w-btn style_solid color_primary icon_none\" href=\"https:\/\/spacanarias.net\/wp-content\/uploads\/2018\/08\/CATALOGO-FOR-YOU-SPA.pdf\" target=\"_blank\"><span class=\"w-btn-label\">DOWNLOAD CATALOG 2<\/span><\/a><\/div><\/div><\/div><\/div><\/div><div class=\"w-separator type_invisible size_large\"><\/div><\/div><\/div><\/div><div class=\"vc_col-sm-6 wpb_column vc_column_container\"><div class=\"vc_column-inner\"><div class=\"wpb_wrapper\"><div class=\"w-slider style_none\"><div class=\"w-slider-h\"><div class=\"royalSlider\"><div class=\"rsContent\"><a class=\"rsImg\" data-rsw=\"600\" data-rsh=\"398\" data-rsBigImg=\"https:\/\/spacanarias.net\/wp-content\/uploads\/2018\/08\/relaxation-686392_640.jpg\" href=\"https:\/\/spacanarias.net\/wp-content\/uploads\/2018\/08\/relaxation-686392_640-600x398.jpg\"><\/a><\/div><div class=\"rsContent\"><a class=\"rsImg\" data-rsw=\"600\" data-rsh=\"399\" data-rsBigImg=\"https:\/\/spacanarias.net\/wp-content\/uploads\/2018\/08\/wellness-1021131_640.jpg\" href=\"https:\/\/spacanarias.net\/wp-content\/uploads\/2018\/08\/wellness-1021131_640-600x399.jpg\"><\/a><\/div><div class=\"rsContent\"><a class=\"rsImg\" data-rsw=\"600\" data-rsh=\"294\" data-rsBigImg=\"https:\/\/spacanarias.net\/wp-content\/uploads\/2018\/08\/massage-599532_640.jpg\" href=\"https:\/\/spacanarias.net\/wp-content\/uploads\/2018\/08\/massage-599532_640-600x294.jpg\"><\/a><\/div><\/div><img decoding=\"async\" src=\"https:\/\/spacanarias.net\/wp-content\/uploads\/2018\/08\/relaxation-686392_640-600x398.jpg\" alt=\"\"><\/div><div class=\"w-slider-json\" onclick='return {&quot;transitionSpeed&quot;:300,&quot;loopRewind&quot;:true,&quot;slidesSpacing&quot;:0,&quot;imageScalePadding&quot;:0,&quot;numImagesToPreload&quot;:2,&quot;arrowsNav&quot;:true,&quot;arrowsNavAutoHide&quot;:true,&quot;transitionType&quot;:&quot;move&quot;,&quot;block&quot;:{&quot;moveEffect&quot;:&quot;none&quot;,&quot;speed&quot;:300},&quot;controlNavigation&quot;:&quot;none&quot;,&quot;autoplay&quot;:{&quot;enabled&quot;:true,&quot;pauseOnHover&quot;:true,&quot;delay&quot;:3000},&quot;fullscreen&quot;:{&quot;enabled&quot;:true},&quot;imageScaleMode&quot;:&quot;fit-if-smaller&quot;,&quot;autoScaleSlider&quot;:true,&quot;autoScaleSliderWidth&quot;:600,&quot;autoScaleSliderHeight&quot;:398,&quot;fitInViewport&quot;:false}'><\/div><\/div><\/div><\/div><\/div><\/div><\/div><\/section><section class=\"l-section wpb_row height_large color_primary with_img parallax_ver with_overlay\"><div class=\"l-section-img\" style=\"background-image: url(https:\/\/spacanarias.net\/wp-content\/uploads\/2018\/08\/accesorios-para-piscinas.jpg);\" data-img-width=\"1240\" data-img-height=\"826\"><\/div><div class=\"l-section-overlay\" style=\"background-color: rgba(30,30,30,0.75)\"><\/div><div class=\"l-section-h i-cf\"><div class=\"g-cols vc_row type_default valign_top\"><div class=\"vc_col-sm-12 wpb_column vc_column_container\"><div class=\"vc_column-inner\"><div class=\"wpb_wrapper\"><div class=\"w-separator type_invisible size_large\"><\/div>\n\t<div class=\"wpb_text_column \">\n\t\t<div class=\"wpb_wrapper\">\n\t\t\t<h2 style=\"text-align: center;\">Call us today <strong><a href=\"tel:+34646208833\">646 208 833<\/a><br \/>\n<\/strong>or write us an email <strong><a href=\"mailto:info@spacanarias.net\">info@spacanarias.net<\/a><\/strong><\/h2>\n<blockquote>\n<p style=\"text-align: center;\">If you work passionately and really convinced of what you are doing, you will have found the key to success.<\/p>\n<\/blockquote>\n\n\t\t<\/div>\n\t<\/div>\n<div class=\"w-separator type_invisible size_small\"><\/div><div class=\"w-btn-wrapper align_center\"><a class=\"w-btn style_solid color_white icon_none\" href=\"https:\/\/spacanarias.net\/en\/index.php\/contact\/\" style=\"font-size:16px;\"><span class=\"w-btn-label\">CONTACT<\/span><\/a><\/div><div class=\"w-separator type_invisible size_large\"><\/div><\/div><\/div><\/div><\/div><\/div><\/section><section class=\"l-section wpb_row height_medium\" id=\"clients\"><div class=\"l-section-h i-cf\"><div class=\"g-cols vc_row type_default valign_top\"><div class=\"vc_col-sm-12 wpb_column vc_column_container\"><div class=\"vc_column-inner\"><div class=\"wpb_wrapper\">\n\t<div class=\"wpb_text_column \">\n\t\t<div class=\"wpb_wrapper\">\n\t\t\t<h2 id=\"fancy-title-714\" style=\"text-align: center;\">Those who have trusted <span id=\"destacar\">Spa Canarias<\/span><\/h2>\n\n\t\t<\/div>\n\t<\/div>\n<div class=\"w-logos style_1 with_indents type_carousel cols_5 index_1\"><div class=\"w-logos-list owl-carousel\" data-items=\"5\" data-nav=\"1\" data-dots=\"1\" data-center=\"0\" data-autoplay=\"1\" data-timeout=\"4000\" data-slideby=\"1\" data-breakpoint_1_width=\"1024\" data-breakpoint_1_cols=\"3\" data-breakpoint_1_autoplay=\"1\" data-breakpoint_2_width=\"768\" data-breakpoint_2_cols=\"2\" data-breakpoint_2_autoplay=\"1\" data-breakpoint_3_width=\"480\" data-breakpoint_3_cols=\"1\" data-breakpoint_3_autoplay=\"1\"><div class=\"w-logos-item\"><img loading=\"lazy\" decoding=\"async\" width=\"180\" height=\"180\" src=\"https:\/\/spacanarias.net\/wp-content\/uploads\/2018\/08\/terrazas-de-abama-1.jpg\" class=\"attachment-medium size-medium\" alt=\"\" srcset=\"https:\/\/spacanarias.net\/wp-content\/uploads\/2018\/08\/terrazas-de-abama-1.jpg 180w, https:\/\/spacanarias.net\/wp-content\/uploads\/2018\/08\/terrazas-de-abama-1-150x150.jpg 150w\" sizes=\"(max-width: 180px) 100vw, 180px\" \/><\/div><div class=\"w-logos-item\"><img loading=\"lazy\" decoding=\"async\" width=\"180\" height=\"180\" src=\"https:\/\/spacanarias.net\/wp-content\/uploads\/2018\/08\/ohl-1.jpg\" class=\"attachment-medium size-medium\" alt=\"\" srcset=\"https:\/\/spacanarias.net\/wp-content\/uploads\/2018\/08\/ohl-1.jpg 180w, https:\/\/spacanarias.net\/wp-content\/uploads\/2018\/08\/ohl-1-150x150.jpg 150w\" sizes=\"(max-width: 180px) 100vw, 180px\" \/><\/div><div class=\"w-logos-item\"><img loading=\"lazy\" decoding=\"async\" width=\"180\" height=\"180\" src=\"https:\/\/spacanarias.net\/wp-content\/uploads\/2018\/08\/hotel-villa-adeje-beach-1.jpg\" class=\"attachment-medium size-medium\" alt=\"\" srcset=\"https:\/\/spacanarias.net\/wp-content\/uploads\/2018\/08\/hotel-villa-adeje-beach-1.jpg 180w, https:\/\/spacanarias.net\/wp-content\/uploads\/2018\/08\/hotel-villa-adeje-beach-1-150x150.jpg 150w\" sizes=\"(max-width: 180px) 100vw, 180px\" \/><\/div><div class=\"w-logos-item\"><img loading=\"lazy\" decoding=\"async\" width=\"180\" height=\"180\" src=\"https:\/\/spacanarias.net\/wp-content\/uploads\/2018\/08\/hotel-princesa-yaiza-1.jpg\" class=\"attachment-medium size-medium\" alt=\"\" srcset=\"https:\/\/spacanarias.net\/wp-content\/uploads\/2018\/08\/hotel-princesa-yaiza-1.jpg 180w, https:\/\/spacanarias.net\/wp-content\/uploads\/2018\/08\/hotel-princesa-yaiza-1-150x150.jpg 150w\" sizes=\"(max-width: 180px) 100vw, 180px\" \/><\/div><div class=\"w-logos-item\"><img loading=\"lazy\" decoding=\"async\" width=\"180\" height=\"180\" src=\"https:\/\/spacanarias.net\/wp-content\/uploads\/2018\/08\/hotel-marina-suite-1.jpg\" class=\"attachment-medium size-medium\" alt=\"\" srcset=\"https:\/\/spacanarias.net\/wp-content\/uploads\/2018\/08\/hotel-marina-suite-1.jpg 180w, https:\/\/spacanarias.net\/wp-content\/uploads\/2018\/08\/hotel-marina-suite-1-150x150.jpg 150w\" sizes=\"(max-width: 180px) 100vw, 180px\" \/><\/div><div class=\"w-logos-item\"><img loading=\"lazy\" decoding=\"async\" width=\"180\" height=\"180\" src=\"https:\/\/spacanarias.net\/wp-content\/uploads\/2018\/08\/hotel-marina-gold-1.jpg\" class=\"attachment-medium size-medium\" alt=\"\" srcset=\"https:\/\/spacanarias.net\/wp-content\/uploads\/2018\/08\/hotel-marina-gold-1.jpg 180w, https:\/\/spacanarias.net\/wp-content\/uploads\/2018\/08\/hotel-marina-gold-1-150x150.jpg 150w\" sizes=\"(max-width: 180px) 100vw, 180px\" \/><\/div><div class=\"w-logos-item\"><img loading=\"lazy\" decoding=\"async\" width=\"180\" height=\"180\" src=\"https:\/\/spacanarias.net\/wp-content\/uploads\/2018\/08\/hotel-marina-bay-view-1.jpg\" class=\"attachment-medium size-medium\" alt=\"\" srcset=\"https:\/\/spacanarias.net\/wp-content\/uploads\/2018\/08\/hotel-marina-bay-view-1.jpg 180w, https:\/\/spacanarias.net\/wp-content\/uploads\/2018\/08\/hotel-marina-bay-view-1-150x150.jpg 150w\" sizes=\"(max-width: 180px) 100vw, 180px\" \/><\/div><div class=\"w-logos-item\"><img loading=\"lazy\" decoding=\"async\" width=\"180\" height=\"180\" src=\"https:\/\/spacanarias.net\/wp-content\/uploads\/2018\/08\/hotel-club-la-santa-1.jpg\" class=\"attachment-medium size-medium\" alt=\"\" srcset=\"https:\/\/spacanarias.net\/wp-content\/uploads\/2018\/08\/hotel-club-la-santa-1.jpg 180w, https:\/\/spacanarias.net\/wp-content\/uploads\/2018\/08\/hotel-club-la-santa-1-150x150.jpg 150w\" sizes=\"(max-width: 180px) 100vw, 180px\" \/><\/div><div class=\"w-logos-item\"><img loading=\"lazy\" decoding=\"async\" width=\"180\" height=\"180\" src=\"https:\/\/spacanarias.net\/wp-content\/uploads\/2018\/08\/hotel-callao-sport-1.jpg\" class=\"attachment-medium size-medium\" alt=\"\" srcset=\"https:\/\/spacanarias.net\/wp-content\/uploads\/2018\/08\/hotel-callao-sport-1.jpg 180w, https:\/\/spacanarias.net\/wp-content\/uploads\/2018\/08\/hotel-callao-sport-1-150x150.jpg 150w\" sizes=\"(max-width: 180px) 100vw, 180px\" \/><\/div><div class=\"w-logos-item\"><img loading=\"lazy\" decoding=\"async\" width=\"180\" height=\"180\" src=\"https:\/\/spacanarias.net\/wp-content\/uploads\/2018\/08\/hotel-bahia-del-duque-1.jpg\" class=\"attachment-medium size-medium\" alt=\"\" srcset=\"https:\/\/spacanarias.net\/wp-content\/uploads\/2018\/08\/hotel-bahia-del-duque-1.jpg 180w, https:\/\/spacanarias.net\/wp-content\/uploads\/2018\/08\/hotel-bahia-del-duque-1-150x150.jpg 150w\" sizes=\"(max-width: 180px) 100vw, 180px\" \/><\/div><div class=\"w-logos-item\"><img loading=\"lazy\" decoding=\"async\" width=\"180\" height=\"180\" src=\"https:\/\/spacanarias.net\/wp-content\/uploads\/2018\/08\/hotel-abama-1.jpg\" class=\"attachment-medium size-medium\" alt=\"\" srcset=\"https:\/\/spacanarias.net\/wp-content\/uploads\/2018\/08\/hotel-abama-1.jpg 180w, https:\/\/spacanarias.net\/wp-content\/uploads\/2018\/08\/hotel-abama-1-150x150.jpg 150w\" sizes=\"(max-width: 180px) 100vw, 180px\" \/><\/div><\/div><div class=\"g-preloader type_4\"><div><\/div><\/div><\/div><\/div><\/div><\/div><\/div><\/div><\/section>\n","protected":false},"excerpt":{"rendered":"[vc_custom_heading text=\"Our Services\" font_container=\"tag:h1|text_align:left\" use_theme_fonts=\"yes\"]Installations and repairsSpas (jacuzzi's); Baths; Shower cabins; Saunas; Turkish baths, etc.Sale of spare parts and accessoriesFiltration and hydromassage pumps; Electronic plates and display; Sensors; Filter cartridges; Thermal covers; Fittings and thermostatic valves; Ozone and UVA rays generators; Heaters, etc.Swimming poolsFiltering systems; Automatic chlorine and ph dispensers; Salt chlorinators; Heat pumps; Chemical...","protected":false},"author":1,"featured_media":0,"parent":0,"menu_order":0,"comment_status":"closed","ping_status":"closed","template":"","meta":{"footnotes":""},"yoast_head":"<!-- This site is optimized with the Yoast SEO plugin v18.2 - https:\/\/yoast.com\/wordpress\/plugins\/seo\/ -->\n<title>Services - Servicio T\u00e9cnico Oficial Jacuzzi Canarias<\/title>\n<meta name=\"description\" content=\"SAT Jacuzzi Canarias. Somos el servicio t\u00e9cnico oficial de Jacuzzi en Canarias. Realizamos todo tipo de reparaciones, as\u00ed como la venta de repuesto.\" \/>\n<meta name=\"robots\" content=\"index, follow, max-snippet:-1, max-image-preview:large, max-video-preview:-1\" \/>\n<link rel=\"canonical\" href=\"https:\/\/spacanarias.net\/en\/services\/\" \/>\n<meta property=\"og:locale\" content=\"en_US\" \/>\n<meta property=\"og:type\" content=\"article\" \/>\n<meta property=\"og:title\" content=\"Services - Servicio T\u00e9cnico Oficial Jacuzzi Canarias\" \/>\n<meta property=\"og:description\" content=\"SAT Jacuzzi Canarias. Somos el servicio t\u00e9cnico oficial de Jacuzzi en Canarias. Realizamos todo tipo de reparaciones, as\u00ed como la venta de repuesto.\" \/>\n<meta property=\"og:url\" content=\"https:\/\/spacanarias.net\/en\/services\/\" \/>\n<meta property=\"og:site_name\" content=\"Servicio T\u00e9cnico Oficial Jacuzzi Canarias\" \/>\n<meta property=\"article:modified_time\" content=\"2018-09-13T09:03:30+00:00\" \/>\n<meta name=\"twitter:card\" content=\"summary_large_image\" \/>\n<meta name=\"twitter:label1\" content=\"Est. reading time\" \/>\n\t<meta name=\"twitter:data1\" content=\"3 minutes\" \/>\n<script type=\"application\/ld+json\" class=\"yoast-schema-graph\">{\"@context\":\"https:\/\/schema.org\",\"@graph\":[{\"@type\":\"WebSite\",\"@id\":\"https:\/\/spacanarias.net\/en\/#website\",\"url\":\"https:\/\/spacanarias.net\/en\/\",\"name\":\"Servicio T\u00e9cnico Oficial Jacuzzi Canarias\",\"description\":\"Servicio T\u00e9cnico Oficial Jacuzzi Canarias\",\"potentialAction\":[{\"@type\":\"SearchAction\",\"target\":{\"@type\":\"EntryPoint\",\"urlTemplate\":\"https:\/\/spacanarias.net\/en\/?s={search_term_string}\"},\"query-input\":\"required name=search_term_string\"}],\"inLanguage\":\"en-US\"},{\"@type\":\"WebPage\",\"@id\":\"https:\/\/spacanarias.net\/en\/services\/#webpage\",\"url\":\"https:\/\/spacanarias.net\/en\/services\/\",\"name\":\"Services - Servicio T\u00e9cnico Oficial Jacuzzi Canarias\",\"isPartOf\":{\"@id\":\"https:\/\/spacanarias.net\/en\/#website\"},\"datePublished\":\"2018-08-06T20:22:42+00:00\",\"dateModified\":\"2018-09-13T09:03:30+00:00\",\"description\":\"SAT Jacuzzi Canarias. Somos el servicio t\u00e9cnico oficial de Jacuzzi en Canarias. Realizamos todo tipo de reparaciones, as\u00ed como la venta de repuesto.\",\"breadcrumb\":{\"@id\":\"https:\/\/spacanarias.net\/en\/services\/#breadcrumb\"},\"inLanguage\":\"en-US\",\"potentialAction\":[{\"@type\":\"ReadAction\",\"target\":[\"https:\/\/spacanarias.net\/en\/services\/\"]}]},{\"@type\":\"BreadcrumbList\",\"@id\":\"https:\/\/spacanarias.net\/en\/services\/#breadcrumb\",\"itemListElement\":[{\"@type\":\"ListItem\",\"position\":1,\"name\":\"Portada\",\"item\":\"https:\/\/spacanarias.net\/en\/\"},{\"@type\":\"ListItem\",\"position\":2,\"name\":\"Services\"}]}]}<\/script>\n<!-- \/ Yoast SEO plugin. -->","yoast_head_json":{"title":"Services - Servicio T\u00e9cnico Oficial Jacuzzi Canarias","description":"SAT Jacuzzi Canarias. Somos el servicio t\u00e9cnico oficial de Jacuzzi en Canarias. Realizamos todo tipo de reparaciones, as\u00ed como la venta de repuesto.","robots":{"index":"index","follow":"follow","max-snippet":"max-snippet:-1","max-image-preview":"max-image-preview:large","max-video-preview":"max-video-preview:-1"},"canonical":"https:\/\/spacanarias.net\/en\/services\/","og_locale":"en_US","og_type":"article","og_title":"Services - Servicio T\u00e9cnico Oficial Jacuzzi Canarias","og_description":"SAT Jacuzzi Canarias. Somos el servicio t\u00e9cnico oficial de Jacuzzi en Canarias. Realizamos todo tipo de reparaciones, as\u00ed como la venta de repuesto.","og_url":"https:\/\/spacanarias.net\/en\/services\/","og_site_name":"Servicio T\u00e9cnico Oficial Jacuzzi Canarias","article_modified_time":"2018-09-13T09:03:30+00:00","twitter_card":"summary_large_image","twitter_misc":{"Est. reading time":"3 minutes"},"schema":{"@context":"https:\/\/schema.org","@graph":[{"@type":"WebSite","@id":"https:\/\/spacanarias.net\/en\/#website","url":"https:\/\/spacanarias.net\/en\/","name":"Servicio T\u00e9cnico Oficial Jacuzzi Canarias","description":"Servicio T\u00e9cnico Oficial Jacuzzi Canarias","potentialAction":[{"@type":"SearchAction","target":{"@type":"EntryPoint","urlTemplate":"https:\/\/spacanarias.net\/en\/?s={search_term_string}"},"query-input":"required name=search_term_string"}],"inLanguage":"en-US"},{"@type":"WebPage","@id":"https:\/\/spacanarias.net\/en\/services\/#webpage","url":"https:\/\/spacanarias.net\/en\/services\/","name":"Services - Servicio T\u00e9cnico Oficial Jacuzzi Canarias","isPartOf":{"@id":"https:\/\/spacanarias.net\/en\/#website"},"datePublished":"2018-08-06T20:22:42+00:00","dateModified":"2018-09-13T09:03:30+00:00","description":"SAT Jacuzzi Canarias. Somos el servicio t\u00e9cnico oficial de Jacuzzi en Canarias. Realizamos todo tipo de reparaciones, as\u00ed como la venta de repuesto.","breadcrumb":{"@id":"https:\/\/spacanarias.net\/en\/services\/#breadcrumb"},"inLanguage":"en-US","potentialAction":[{"@type":"ReadAction","target":["https:\/\/spacanarias.net\/en\/services\/"]}]},{"@type":"BreadcrumbList","@id":"https:\/\/spacanarias.net\/en\/services\/#breadcrumb","itemListElement":[{"@type":"ListItem","position":1,"name":"Portada","item":"https:\/\/spacanarias.net\/en\/"},{"@type":"ListItem","position":2,"name":"Services"}]}]}},"_links":{"self":[{"href":"https:\/\/spacanarias.net\/en\/wp-json\/wp\/v2\/pages\/6431"}],"collection":[{"href":"https:\/\/spacanarias.net\/en\/wp-json\/wp\/v2\/pages"}],"about":[{"href":"https:\/\/spacanarias.net\/en\/wp-json\/wp\/v2\/types\/page"}],"author":[{"embeddable":true,"href":"https:\/\/spacanarias.net\/en\/wp-json\/wp\/v2\/users\/1"}],"replies":[{"embeddable":true,"href":"https:\/\/spacanarias.net\/en\/wp-json\/wp\/v2\/comments?post=6431"}],"version-history":[{"count":13,"href":"https:\/\/spacanarias.net\/en\/wp-json\/wp\/v2\/pages\/6431\/revisions"}],"predecessor-version":[{"id":6603,"href":"https:\/\/spacanarias.net\/en\/wp-json\/wp\/v2\/pages\/6431\/revisions\/6603"}],"wp:attachment":[{"href":"https:\/\/spacanarias.net\/en\/wp-json\/wp\/v2\/media?parent=6431"}],"curies":[{"name":"wp","href":"https:\/\/api.w.org\/{rel}","templated":true}]}}